{"id":38,"date":"2023-12-04T02:26:13","date_gmt":"2023-12-04T02:26:13","guid":{"rendered":"https:\/\/noahemarketing.com\/?page_id=38"},"modified":"2023-12-07T21:49:22","modified_gmt":"2023-12-07T21:49:22","slug":"estrategia-comercial-y-marketing","status":"publish","type":"page","link":"https:\/\/noahemarketing.com\/es\/estrategia-comercial-y-marketing\/","title":{"rendered":"Estrategia Comercial y Marketing"},"content":{"rendered":"<div data-elementor-type=\"wp-page\" data-elementor-id=\"38\" class=\"elementor elementor-38\" data-elementor-post-type=\"page\">\n\t\t\t\t<div class=\"elementor-element elementor-element-646cfb4 e-flex e-con-boxed e-con e-parent\" data-id=\"646cfb4\" data-element_type=\"container\" data-settings=\"{&quot;background_background&quot;:&quot;classic&quot;,&quot;shape_divider_bottom&quot;:&quot;tilt&quot;}\">\n\t\t\t\t\t<div class=\"e-con-inner\">\n\t\t\t\t<div class=\"elementor-shape elementor-shape-bottom\" aria-hidden=\"true\" data-negative=\"false\">\n\t\t\t<svg xmlns=\"http:\/\/www.w3.org\/2000\/svg\" viewbox=\"0 0 1000 100\" preserveaspectratio=\"none\">\n\t<path class=\"elementor-shape-fill\" d=\"M0,6V0h1000v100L0,6z\"\/>\n<\/svg>\t\t<\/div>\n\t\t\t\t\t<\/div>\n\t\t\t\t<\/div>\n\t\t<div class=\"elementor-element elementor-element-15b79b6 e-flex e-con-boxed e-con e-parent\" data-id=\"15b79b6\" data-element_type=\"container\">\n\t\t\t\t\t<div class=\"e-con-inner\">\n\t\t<div class=\"elementor-element elementor-element-e3bb74d e-con-full e-flex e-con e-child\" data-id=\"e3bb74d\" data-element_type=\"container\">\n\t\t\t\t<div class=\"elementor-element elementor-element-04ca2bc elementor-widget__width-initial elementor-widget-tablet__width-inherit elementor-widget elementor-widget-text-editor\" data-id=\"04ca2bc\" data-element_type=\"widget\" data-widget_type=\"text-editor.default\">\n\t\t\t\t<div class=\"elementor-widget-container\">\n\t\t\t\t\t\t\t\t\t<p>Tener una tienda minorista en l\u00ednea no es la \u00fanica forma de construir un negocio exitoso en la altamente competitiva industria del comercio electr\u00f3nico. Le ayudamos a identificar su mercado objetivo, desarrollar su estrategia de contenido y plan de canales, maximizar su presupuesto de marketing y producir experiencias \u00fanicas para su negocio en l\u00ednea.<\/p>\t\t\t\t\t\t\t\t<\/div>\n\t\t\t\t<\/div>\n\t\t\t\t<div class=\"elementor-element elementor-element-8fc7c36 elementor-widget__width-initial elementor-widget-tablet__width-inherit elementor-widget elementor-widget-text-editor\" data-id=\"8fc7c36\" data-element_type=\"widget\" data-widget_type=\"text-editor.default\">\n\t\t\t\t<div class=\"elementor-widget-container\">\n\t\t\t\t\t\t\t\t\t<p>Se necesita m\u00e1s que simplemente configurar una tienda en l\u00ednea para tener \u00e9xito en el comercio electr\u00f3nico. Para mantener la coherencia en toda la experiencia de compra en varias propiedades, los especialistas en marketing hoy en d\u00eda necesitan personalizar las experiencias en todos los puntos de contacto.<\/p><p>Se prev\u00e9 que las compras en l\u00ednea se conviertan en un elemento permanente del consumo minorista, en lugar de un requisito temporal. En la econom\u00eda actual de Internet, el comercio tradicional ya no es suficiente. Un negocio minorista en l\u00ednea no es la \u00fanica forma de tener \u00e9xito en el ferozmente competitivo mercado del comercio electr\u00f3nico.<\/p>\t\t\t\t\t\t\t\t<\/div>\n\t\t\t\t<\/div>\n\t\t<div class=\"elementor-element elementor-element-65a51d4 e-con-full e-flex e-con e-child\" data-id=\"65a51d4\" data-element_type=\"container\">\n\t\t<div class=\"elementor-element elementor-element-e1d2ff2 e-con-full e-flex elementor-invisible e-con e-child\" data-id=\"e1d2ff2\" data-element_type=\"container\" data-settings=\"{&quot;background_background&quot;:&quot;gradient&quot;,&quot;animation&quot;:&quot;fadeInUp&quot;,&quot;animation_delay&quot;:&quot;200&quot;}\">\n\t\t\t\t<div class=\"elementor-element elementor-element-9ca1232 elementor-cta--valign-middle elementor-cta--skin-classic elementor-animated-content elementor-bg-transform elementor-bg-transform-zoom-in elementor-widget elementor-widget-call-to-action\" data-id=\"9ca1232\" data-element_type=\"widget\" data-widget_type=\"call-to-action.default\">\n\t\t\t\t<div class=\"elementor-widget-container\">\n\t\t\t\t\t\t\t<div class=\"elementor-cta\">\n\t\t\t\t\t\t\t<div class=\"elementor-cta__content\">\n\t\t\t\t\n\t\t\t\t\t\t\t\t\t<h3 class=\"elementor-cta__title elementor-cta__content-item elementor-content-item\">\n\t\t\t\t\t\tEstrategia de Mercadeo \t\t\t\t\t<\/h3>\n\t\t\t\t\n\t\t\t\t\t\t\t\t\t<div class=\"elementor-cta__description elementor-cta__content-item elementor-content-item\">\n\t\t\t\t\t\tEl siguiente paso es lanzar una campa\u00f1a atractiva mediante el desarrollo de una estrategia ahora que su tienda est\u00e1 operativa. Ayudaremos con el desarrollo de ideas, brindaremos im\u00e1genes llamativas con un llamado a la acci\u00f3n convincente y dise\u00f1aremos una estrategia de publicidad paga que impulsar\u00e1 las ventas y producir\u00e1 los resultados deseados.\t\t\t\t\t<\/div>\n\t\t\t\t\n\t\t\t\t\t\t\t<\/div>\n\t\t\t\t\t\t<\/div>\n\t\t\t\t\t\t<\/div>\n\t\t\t\t<\/div>\n\t\t\t\t<\/div>\n\t\t<div class=\"elementor-element elementor-element-6711f16 e-con-full e-flex elementor-invisible e-con e-child\" data-id=\"6711f16\" data-element_type=\"container\" data-settings=\"{&quot;background_background&quot;:&quot;gradient&quot;,&quot;animation&quot;:&quot;fadeInUp&quot;,&quot;animation_delay&quot;:&quot;200&quot;}\">\n\t\t\t\t<div class=\"elementor-element elementor-element-d41488f elementor-cta--valign-middle elementor-cta--skin-classic elementor-animated-content elementor-bg-transform elementor-bg-transform-zoom-in elementor-widget elementor-widget-call-to-action\" data-id=\"d41488f\" data-element_type=\"widget\" data-widget_type=\"call-to-action.default\">\n\t\t\t\t<div class=\"elementor-widget-container\">\n\t\t\t\t\t\t\t<div class=\"elementor-cta\">\n\t\t\t\t\t\t\t<div class=\"elementor-cta__content\">\n\t\t\t\t\n\t\t\t\t\t\t\t\t\t<h3 class=\"elementor-cta__title elementor-cta__content-item elementor-content-item\">\n\t\t\t\t\t\tInteligencia de Audiencia \t\t\t\t\t<\/h3>\n\t\t\t\t\n\t\t\t\t\t\t\t\t\t<div class=\"elementor-cta__description elementor-cta__content-item elementor-content-item\">\n\t\t\t\t\t\tEn Noah E. Marketing valoramos la inteligencia por encima de las corazonadas. Para comprender mejor a sus rivales y su segmentaci\u00f3n de clientes, se desarrollar\u00e1 un an\u00e1lisis de la competencia mediante una auditor\u00eda digital. El objetivo es conocer los canales que atraen a sus competidores y sus factores desencadenantes de comportamiento. Aqu\u00ed, identificaremos los problemas y puntos d\u00e9biles que afectan a su marca en cada paso del recorrido del cliente, junto con las posibilidades y peligros asociados.\t\t\t\t\t<\/div>\n\t\t\t\t\n\t\t\t\t\t\t\t<\/div>\n\t\t\t\t\t\t<\/div>\n\t\t\t\t\t\t<\/div>\n\t\t\t\t<\/div>\n\t\t\t\t<\/div>\n\t\t<div class=\"elementor-element elementor-element-ba506cf e-con-full e-flex elementor-invisible e-con e-child\" data-id=\"ba506cf\" data-element_type=\"container\" data-settings=\"{&quot;background_background&quot;:&quot;gradient&quot;,&quot;animation&quot;:&quot;fadeInUp&quot;,&quot;animation_delay&quot;:&quot;200&quot;}\">\n\t\t\t\t<div class=\"elementor-element elementor-element-63ee238 elementor-cta--valign-middle elementor-cta--skin-classic elementor-animated-content elementor-bg-transform elementor-bg-transform-zoom-in elementor-widget elementor-widget-call-to-action\" data-id=\"63ee238\" data-element_type=\"widget\" data-widget_type=\"call-to-action.default\">\n\t\t\t\t<div class=\"elementor-widget-container\">\n\t\t\t\t\t\t\t<div class=\"elementor-cta\">\n\t\t\t\t\t\t\t<div class=\"elementor-cta__content\">\n\t\t\t\t\n\t\t\t\t\t\t\t\t\t<h3 class=\"elementor-cta__title elementor-cta__content-item elementor-content-item\">\n\t\t\t\t\t\tDesarrollo del Comercio \t\t\t\t\t<\/h3>\n\t\t\t\t\n\t\t\t\t\t\t\t\t\t<div class=\"elementor-cta__description elementor-cta__content-item elementor-content-item\">\n\t\t\t\t\t\tPara crear una experiencia de compra atractiva para sus clientes potenciales, colaboramos con usted para desarrollar un plan de canales y marketing de contenidos que se complementa con inspiraci\u00f3n creativa y sistemas de comercio electr\u00f3nico UI\/UX f\u00e1ciles de usar.\t\t\t\t\t<\/div>\n\t\t\t\t\n\t\t\t\t\t\t\t<\/div>\n\t\t\t\t\t\t<\/div>\n\t\t\t\t\t\t<\/div>\n\t\t\t\t<\/div>\n\t\t\t\t<\/div>\n\t\t\t\t<\/div>\n\t\t\t\t<\/div>\n\t\t\t\t\t<\/div>\n\t\t\t\t<\/div>\n\t\t<div class=\"elementor-element elementor-element-7b5cc20 e-flex e-con-boxed e-con e-parent\" data-id=\"7b5cc20\" data-element_type=\"container\" data-settings=\"{&quot;background_background&quot;:&quot;classic&quot;,&quot;shape_divider_top&quot;:&quot;tilt&quot;}\">\n\t\t\t\t\t<div class=\"e-con-inner\">\n\t\t\t\t<div class=\"elementor-shape elementor-shape-top\" aria-hidden=\"true\" data-negative=\"false\">\n\t\t\t<svg xmlns=\"http:\/\/www.w3.org\/2000\/svg\" viewbox=\"0 0 1000 100\" preserveaspectratio=\"none\">\n\t<path class=\"elementor-shape-fill\" d=\"M0,6V0h1000v100L0,6z\"\/>\n<\/svg>\t\t<\/div>\n\t\t\t\t<div class=\"elementor-element elementor-element-c90814f elementor-widget elementor-widget-heading\" data-id=\"c90814f\" data-element_type=\"widget\" data-widget_type=\"heading.default\">\n\t\t\t\t<div class=\"elementor-widget-container\">\n\t\t\t\t\t<h2 class=\"elementor-heading-title elementor-size-default\">Obtenga servicios ahora<\/h2>\t\t\t\t<\/div>\n\t\t\t\t<\/div>\n\t\t\t\t<div class=\"elementor-element elementor-element-779c0a5 elementor-align-center elementor-widget elementor-widget-button\" data-id=\"779c0a5\" data-element_type=\"widget\" data-widget_type=\"button.default\">\n\t\t\t\t<div class=\"elementor-widget-container\">\n\t\t\t\t\t\t\t\t\t<div class=\"elementor-button-wrapper\">\n\t\t\t\t\t<a class=\"elementor-button elementor-button-link elementor-size-sm\" href=\"https:\/\/noahemarketing.com\/es\/contactanos\/\">\n\t\t\t\t\t\t<span class=\"elementor-button-content-wrapper\">\n\t\t\t\t\t\t\t\t\t<span class=\"elementor-button-text\">P\u00f3ngase en contacto con nosotros<\/span>\n\t\t\t\t\t<\/span>\n\t\t\t\t\t<\/a>\n\t\t\t\t<\/div>\n\t\t\t\t\t\t\t\t<\/div>\n\t\t\t\t<\/div>\n\t\t\t\t\t<\/div>\n\t\t\t\t<\/div>\n\t\t\t\t<\/div>","protected":false},"excerpt":{"rendered":"<p>Having an online retail store isn&#8217;t the only way to build a successful business in the highly competitive e-commerce industry. We assist you in identifying your target market, developing your content strategy and channel plan, maximizing your marketing budget, and producing unique experiences for your online business. It takes more than just setting up an [&hellip;]<\/p>","protected":false},"author":4,"featured_media":0,"parent":0,"menu_order":0,"comment_status":"closed","ping_status":"closed","template":"","meta":{"footnotes":""},"class_list":["post-38","page","type-page","status-publish","hentry"],"_links":{"self":[{"href":"https:\/\/noahemarketing.com\/es\/wp-json\/wp\/v2\/pages\/38","targetHints":{"allow":["GET"]}}],"collection":[{"href":"https:\/\/noahemarketing.com\/es\/wp-json\/wp\/v2\/pages"}],"about":[{"href":"https:\/\/noahemarketing.com\/es\/wp-json\/wp\/v2\/types\/page"}],"author":[{"embeddable":true,"href":"https:\/\/noahemarketing.com\/es\/wp-json\/wp\/v2\/users\/4"}],"replies":[{"embeddable":true,"href":"https:\/\/noahemarketing.com\/es\/wp-json\/wp\/v2\/comments?post=38"}],"version-history":[{"count":16,"href":"https:\/\/noahemarketing.com\/es\/wp-json\/wp\/v2\/pages\/38\/revisions"}],"predecessor-version":[{"id":445,"href":"https:\/\/noahemarketing.com\/es\/wp-json\/wp\/v2\/pages\/38\/revisions\/445"}],"wp:attachment":[{"href":"https:\/\/noahemarketing.com\/es\/wp-json\/wp\/v2\/media?parent=38"}],"curies":[{"name":"wp","href":"https:\/\/api.w.org\/{rel}","templated":true}]}}