{"id":34,"date":"2023-12-04T02:24:46","date_gmt":"2023-12-04T02:24:46","guid":{"rendered":"https:\/\/noahemarketing.com\/?page_id=34"},"modified":"2023-12-08T05:24:01","modified_gmt":"2023-12-08T05:24:01","slug":"optimizacion-de-motores-de-busqueda","status":"publish","type":"page","link":"https:\/\/noahemarketing.com\/es\/optimizacion-de-motores-de-busqueda\/","title":{"rendered":"Optimizaci\u00f3n de Motores de B\u00fasqueda"},"content":{"rendered":"<div data-elementor-type=\"wp-page\" data-elementor-id=\"34\" class=\"elementor elementor-34\" data-elementor-post-type=\"page\">\n\t\t\t\t<div class=\"elementor-element elementor-element-ba110d0 e-flex e-con-boxed e-con e-parent\" data-id=\"ba110d0\" data-element_type=\"container\" data-settings=\"{&quot;background_background&quot;:&quot;classic&quot;,&quot;shape_divider_bottom&quot;:&quot;tilt&quot;}\">\n\t\t\t\t\t<div class=\"e-con-inner\">\n\t\t\t\t<div class=\"elementor-shape elementor-shape-bottom\" aria-hidden=\"true\" data-negative=\"false\">\n\t\t\t<svg xmlns=\"http:\/\/www.w3.org\/2000\/svg\" viewbox=\"0 0 1000 100\" preserveaspectratio=\"none\">\n\t<path class=\"elementor-shape-fill\" d=\"M0,6V0h1000v100L0,6z\"\/>\n<\/svg>\t\t<\/div>\n\t\t\t\t\t<\/div>\n\t\t\t\t<\/div>\n\t\t<div class=\"elementor-element elementor-element-32930d1 e-flex e-con-boxed e-con e-parent\" data-id=\"32930d1\" data-element_type=\"container\">\n\t\t\t\t\t<div class=\"e-con-inner\">\n\t\t<div class=\"elementor-element elementor-element-e06b291 e-con-full e-flex e-con e-child\" data-id=\"e06b291\" data-element_type=\"container\">\n\t\t\t\t<div class=\"elementor-element elementor-element-b301e2b elementor-widget__width-initial elementor-widget-tablet__width-inherit elementor-widget elementor-widget-text-editor\" data-id=\"b301e2b\" data-element_type=\"widget\" data-widget_type=\"text-editor.default\">\n\t\t\t\t<div class=\"elementor-widget-container\">\n\t\t\t\t\t\t\t\t\t<p>Las empresas que quieran llegar a su p\u00fablico objetivo y aumentar el tr\u00e1fico org\u00e1nico a su sitio web deben tener un plan de SEO s\u00f3lido. Las empresas pueden aumentar su exposici\u00f3n en l\u00ednea, desarrollar su marca y su confianza y, eventualmente, mejorar las conversiones y los ingresos al obtener una buena clasificaci\u00f3n en los resultados de b\u00fasqueda.<\/p>\t\t\t\t\t\t\t\t<\/div>\n\t\t\t\t<\/div>\n\t\t<div class=\"elementor-element elementor-element-6afce8b e-con-full e-flex e-con e-child\" data-id=\"6afce8b\" data-element_type=\"container\">\n\t\t<div class=\"elementor-element elementor-element-1069c5e e-con-full e-flex elementor-invisible e-con e-child\" data-id=\"1069c5e\" data-element_type=\"container\" data-settings=\"{&quot;background_background&quot;:&quot;gradient&quot;,&quot;animation&quot;:&quot;fadeInUp&quot;,&quot;animation_delay&quot;:&quot;200&quot;}\">\n\t\t\t\t<div class=\"elementor-element elementor-element-485273b elementor-cta--valign-middle elementor-cta--skin-classic elementor-animated-content elementor-bg-transform elementor-bg-transform-zoom-in elementor-widget elementor-widget-call-to-action\" data-id=\"485273b\" data-element_type=\"widget\" data-widget_type=\"call-to-action.default\">\n\t\t\t\t<div class=\"elementor-widget-container\">\n\t\t\t\t\t\t\t<div class=\"elementor-cta\">\n\t\t\t\t\t\t\t<div class=\"elementor-cta__content\">\n\t\t\t\t\n\t\t\t\t\t\t\t\t\t<h3 class=\"elementor-cta__title elementor-cta__content-item elementor-content-item\">\n\t\t\t\t\t\tSEO en el Sitio\t\t\t\t\t<\/h3>\n\t\t\t\t\n\t\t\t\t\t\t\t\t\t<div class=\"elementor-cta__description elementor-cta__content-item elementor-content-item\">\n\t\t\t\t\t\tEl SEO en la p\u00e1gina incluye indexar adecuadamente la informaci\u00f3n y garantizar que se aborden todos los componentes tecnol\u00f3gicos. Ofrecemos constantemente resultados sorprendentes que impulsan los negocios de nuestros clientes gracias a nuestra amplia base de conocimientos y t\u00e1cticas comprobadas acumuladas durante muchos a\u00f1os en la industria.\t\t\t\t\t<\/div>\n\t\t\t\t\n\t\t\t\t\t\t\t<\/div>\n\t\t\t\t\t\t<\/div>\n\t\t\t\t\t\t<\/div>\n\t\t\t\t<\/div>\n\t\t\t\t<\/div>\n\t\t<div class=\"elementor-element elementor-element-685dc22 e-con-full e-flex elementor-invisible e-con e-child\" data-id=\"685dc22\" data-element_type=\"container\" data-settings=\"{&quot;background_background&quot;:&quot;gradient&quot;,&quot;animation&quot;:&quot;fadeInUp&quot;,&quot;animation_delay&quot;:&quot;200&quot;}\">\n\t\t\t\t<div class=\"elementor-element elementor-element-f5ee50c elementor-cta--valign-middle elementor-cta--skin-classic elementor-animated-content elementor-bg-transform elementor-bg-transform-zoom-in elementor-widget elementor-widget-call-to-action\" data-id=\"f5ee50c\" data-element_type=\"widget\" data-widget_type=\"call-to-action.default\">\n\t\t\t\t<div class=\"elementor-widget-container\">\n\t\t\t\t\t\t\t<div class=\"elementor-cta\">\n\t\t\t\t\t\t\t<div class=\"elementor-cta__content\">\n\t\t\t\t\n\t\t\t\t\t\t\t\t\t<h3 class=\"elementor-cta__title elementor-cta__content-item elementor-content-item\">\n\t\t\t\t\t\tSEO Externo (Creaci\u00f3n de Enlaces)\t\t\t\t\t<\/h3>\n\t\t\t\t\n\t\t\t\t\t\t\t\t\t<div class=\"elementor-cta__description elementor-cta__content-item elementor-content-item\">\n\t\t\t\t\t\tSomos expertos en construcci\u00f3n de enlaces, un componente cr\u00edtico del SEO que implica obtener v\u00ednculos de retroceso de sitios web relevantes con alta autoridad de dominio. Estos v\u00ednculos de retroceso aumentan la confiabilidad de su sitio y permiten a Google identificar su importancia como fuente autorizada de informaci\u00f3n. Tambi\u00e9n empleamos ubicaciones de divulgaci\u00f3n para desarrollar el inter\u00e9s en un determinado tema o producto a trav\u00e9s de sitios confiables como publicaciones y blogs de la industria; esto llama la atenci\u00f3n sobre el sitio de nuestro cliente y contribuye a su reputaci\u00f3n como fuente de informaci\u00f3n sobre ese tema o producto.\t\t\t\t\t<\/div>\n\t\t\t\t\n\t\t\t\t\t\t\t<\/div>\n\t\t\t\t\t\t<\/div>\n\t\t\t\t\t\t<\/div>\n\t\t\t\t<\/div>\n\t\t\t\t<\/div>\n\t\t<div class=\"elementor-element elementor-element-7c3bce1 e-con-full e-flex elementor-invisible e-con e-child\" data-id=\"7c3bce1\" data-element_type=\"container\" data-settings=\"{&quot;background_background&quot;:&quot;gradient&quot;,&quot;animation&quot;:&quot;fadeInUp&quot;,&quot;animation_delay&quot;:&quot;200&quot;}\">\n\t\t\t\t<div class=\"elementor-element elementor-element-28fb555 elementor-cta--valign-middle elementor-cta--skin-classic elementor-animated-content elementor-bg-transform elementor-bg-transform-zoom-in elementor-widget elementor-widget-call-to-action\" data-id=\"28fb555\" data-element_type=\"widget\" data-widget_type=\"call-to-action.default\">\n\t\t\t\t<div class=\"elementor-widget-container\">\n\t\t\t\t\t\t\t<div class=\"elementor-cta\">\n\t\t\t\t\t\t\t<div class=\"elementor-cta__content\">\n\t\t\t\t\n\t\t\t\t\t\t\t\t\t<h3 class=\"elementor-cta__title elementor-cta__content-item elementor-content-item\">\n\t\t\t\t\t\tInvestigaci\u00f3n y Estrategia de Palabras Clave\t\t\t\t\t<\/h3>\n\t\t\t\t\n\t\t\t\t\t\t\t\t\t<div class=\"elementor-cta__description elementor-cta__content-item elementor-content-item\">\n\t\t\t\t\t\tNuestro equipo de especialistas est\u00e1 bien versado en enfoques de optimizaci\u00f3n que son fundamentales para un rendimiento eficaz en la clasificaci\u00f3n de los motores de b\u00fasqueda. Hemos tenido un gran \u00e9xito en mejorar la exposici\u00f3n del sitio web, generar visitantes m\u00e1s enfocados y aumentar las conversiones gracias a nuestro amplio conocimiento del gasto en publicidad digital.\t\t\t\t\t<\/div>\n\t\t\t\t\n\t\t\t\t\t\t\t<\/div>\n\t\t\t\t\t\t<\/div>\n\t\t\t\t\t\t<\/div>\n\t\t\t\t<\/div>\n\t\t\t\t<\/div>\n\t\t\t\t<\/div>\n\t\t<div class=\"elementor-element elementor-element-903c4d5 e-con-full e-flex e-con e-child\" data-id=\"903c4d5\" data-element_type=\"container\">\n\t\t<div class=\"elementor-element elementor-element-1605e46 e-con-full e-flex elementor-invisible e-con e-child\" data-id=\"1605e46\" data-element_type=\"container\" data-settings=\"{&quot;background_background&quot;:&quot;gradient&quot;,&quot;animation&quot;:&quot;fadeInUp&quot;,&quot;animation_delay&quot;:&quot;200&quot;}\">\n\t\t\t\t<div class=\"elementor-element elementor-element-1b1a697 elementor-cta--valign-middle elementor-cta--skin-classic elementor-animated-content elementor-bg-transform elementor-bg-transform-zoom-in elementor-widget elementor-widget-call-to-action\" data-id=\"1b1a697\" data-element_type=\"widget\" data-widget_type=\"call-to-action.default\">\n\t\t\t\t<div class=\"elementor-widget-container\">\n\t\t\t\t\t\t\t<div class=\"elementor-cta\">\n\t\t\t\t\t\t\t<div class=\"elementor-cta__content\">\n\t\t\t\t\n\t\t\t\t\t\t\t\t\t<h3 class=\"elementor-cta__title elementor-cta__content-item elementor-content-item\">\n\t\t\t\t\t\tAuditor\u00eda SEO\t\t\t\t\t<\/h3>\n\t\t\t\t\n\t\t\t\t\t\t\t\t\t<div class=\"elementor-cta__description elementor-cta__content-item elementor-content-item\">\n\t\t\t\t\t\tLa creaci\u00f3n de un sitio web por s\u00ed sola no garantiza el flujo de clientes potenciales. Por lo tanto, nos concentramos en determinar la intenci\u00f3n del usuario y elegir palabras clave relevantes. Un sitio web optimizado para motores de b\u00fasqueda hace que sea m\u00e1s probable que los visitantes est\u00e9n interesados en comprar un producto o servicio y que descubran la informaci\u00f3n que necesitan en las entradas de su blog.\t\t\t\t\t<\/div>\n\t\t\t\t\n\t\t\t\t\t\t\t<\/div>\n\t\t\t\t\t\t<\/div>\n\t\t\t\t\t\t<\/div>\n\t\t\t\t<\/div>\n\t\t\t\t<\/div>\n\t\t<div class=\"elementor-element elementor-element-bdb7b59 e-con-full e-flex elementor-invisible e-con e-child\" data-id=\"bdb7b59\" data-element_type=\"container\" data-settings=\"{&quot;background_background&quot;:&quot;gradient&quot;,&quot;animation&quot;:&quot;fadeInUp&quot;,&quot;animation_delay&quot;:&quot;200&quot;}\">\n\t\t\t\t<div class=\"elementor-element elementor-element-62d0553 elementor-cta--valign-middle elementor-cta--skin-classic elementor-animated-content elementor-bg-transform elementor-bg-transform-zoom-in elementor-widget elementor-widget-call-to-action\" data-id=\"62d0553\" data-element_type=\"widget\" data-widget_type=\"call-to-action.default\">\n\t\t\t\t<div class=\"elementor-widget-container\">\n\t\t\t\t\t\t\t<div class=\"elementor-cta\">\n\t\t\t\t\t\t\t<div class=\"elementor-cta__content\">\n\t\t\t\t\n\t\t\t\t\t\t\t\t\t<h3 class=\"elementor-cta__title elementor-cta__content-item elementor-content-item\">\n\t\t\t\t\t\tMigraci\u00f3n de Sitios Web SEO\t\t\t\t\t<\/h3>\n\t\t\t\t\n\t\t\t\t\t\t\t\t\t<div class=\"elementor-cta__description elementor-cta__content-item elementor-content-item\">\n\t\t\t\t\t\t\u00bfSab\u00edas que la disminuci\u00f3n promedio en el tr\u00e1fico org\u00e1nico que ocurre cuando se lanza un nuevo sitio web sin trabajo de migraci\u00f3n SEO es del 40%? Nuestros especialistas en SEO evaluar\u00e1n el rendimiento de su sitio web en este momento y comenzar\u00e1n a compilar una lista de su contenido y rendimiento org\u00e1nico, al mismo tiempo que se aseguran de mantener su tr\u00e1fico y clasificaci\u00f3n.\t\t\t\t\t<\/div>\n\t\t\t\t\n\t\t\t\t\t\t\t<\/div>\n\t\t\t\t\t\t<\/div>\n\t\t\t\t\t\t<\/div>\n\t\t\t\t<\/div>\n\t\t\t\t<\/div>\n\t\t<div class=\"elementor-element elementor-element-d6838ef e-con-full e-flex elementor-invisible e-con e-child\" data-id=\"d6838ef\" data-element_type=\"container\" data-settings=\"{&quot;background_background&quot;:&quot;classic&quot;,&quot;animation&quot;:&quot;fadeInUp&quot;,&quot;animation_delay&quot;:&quot;200&quot;}\">\n\t\t\t\t<\/div>\n\t\t\t\t<\/div>\n\t\t\t\t<\/div>\n\t\t\t\t\t<\/div>\n\t\t\t\t<\/div>\n\t\t<div class=\"elementor-element elementor-element-c306105 e-flex e-con-boxed e-con e-parent\" data-id=\"c306105\" data-element_type=\"container\" data-settings=\"{&quot;background_background&quot;:&quot;classic&quot;,&quot;shape_divider_top&quot;:&quot;tilt&quot;}\">\n\t\t\t\t\t<div class=\"e-con-inner\">\n\t\t\t\t<div class=\"elementor-shape elementor-shape-top\" aria-hidden=\"true\" data-negative=\"false\">\n\t\t\t<svg xmlns=\"http:\/\/www.w3.org\/2000\/svg\" viewbox=\"0 0 1000 100\" preserveaspectratio=\"none\">\n\t<path class=\"elementor-shape-fill\" d=\"M0,6V0h1000v100L0,6z\"\/>\n<\/svg>\t\t<\/div>\n\t\t\t\t<div class=\"elementor-element elementor-element-ab67f1e elementor-widget elementor-widget-heading\" data-id=\"ab67f1e\" data-element_type=\"widget\" data-widget_type=\"heading.default\">\n\t\t\t\t<div class=\"elementor-widget-container\">\n\t\t\t\t\t<h2 class=\"elementor-heading-title elementor-size-default\">Obtenga servicios ahora<\/h2>\t\t\t\t<\/div>\n\t\t\t\t<\/div>\n\t\t\t\t<div class=\"elementor-element elementor-element-d334db3 elementor-align-center elementor-widget elementor-widget-button\" data-id=\"d334db3\" data-element_type=\"widget\" data-widget_type=\"button.default\">\n\t\t\t\t<div class=\"elementor-widget-container\">\n\t\t\t\t\t\t\t\t\t<div class=\"elementor-button-wrapper\">\n\t\t\t\t\t<a class=\"elementor-button elementor-button-link elementor-size-sm\" href=\"https:\/\/noahemarketing.com\/es\/contactanos\/\">\n\t\t\t\t\t\t<span class=\"elementor-button-content-wrapper\">\n\t\t\t\t\t\t\t\t\t<span class=\"elementor-button-text\">P\u00f3ngase en contacto con nosotros<\/span>\n\t\t\t\t\t<\/span>\n\t\t\t\t\t<\/a>\n\t\t\t\t<\/div>\n\t\t\t\t\t\t\t\t<\/div>\n\t\t\t\t<\/div>\n\t\t\t\t\t<\/div>\n\t\t\t\t<\/div>\n\t\t\t\t<\/div>","protected":false},"excerpt":{"rendered":"<p>Businesses that want to reach their target audience and increase organic traffic to their website must have a solid SEO plan. Businesses may boost their online exposure, build their brand and trust, and eventually improve conversions and income by ranking well in search results. On-Site SEO On-page SEO includes properly indexing information and ensuring that [&hellip;]<\/p>","protected":false},"author":4,"featured_media":0,"parent":0,"menu_order":0,"comment_status":"closed","ping_status":"closed","template":"","meta":{"footnotes":""},"class_list":["post-34","page","type-page","status-publish","hentry"],"_links":{"self":[{"href":"https:\/\/noahemarketing.com\/es\/wp-json\/wp\/v2\/pages\/34","targetHints":{"allow":["GET"]}}],"collection":[{"href":"https:\/\/noahemarketing.com\/es\/wp-json\/wp\/v2\/pages"}],"about":[{"href":"https:\/\/noahemarketing.com\/es\/wp-json\/wp\/v2\/types\/page"}],"author":[{"embeddable":true,"href":"https:\/\/noahemarketing.com\/es\/wp-json\/wp\/v2\/users\/4"}],"replies":[{"embeddable":true,"href":"https:\/\/noahemarketing.com\/es\/wp-json\/wp\/v2\/comments?post=34"}],"version-history":[{"count":19,"href":"https:\/\/noahemarketing.com\/es\/wp-json\/wp\/v2\/pages\/34\/revisions"}],"predecessor-version":[{"id":508,"href":"https:\/\/noahemarketing.com\/es\/wp-json\/wp\/v2\/pages\/34\/revisions\/508"}],"wp:attachment":[{"href":"https:\/\/noahemarketing.com\/es\/wp-json\/wp\/v2\/media?parent=34"}],"curies":[{"name":"wp","href":"https:\/\/api.w.org\/{rel}","templated":true}]}}