{"id":3,"date":"2023-06-28T15:31:46","date_gmt":"2023-06-28T15:31:46","guid":{"rendered":"https:\/\/noahemarketing.com\/?page_id=3"},"modified":"2024-10-04T14:58:35","modified_gmt":"2024-10-04T14:58:35","slug":"politicas-de-privacidad","status":"publish","type":"page","link":"https:\/\/noahemarketing.com\/es\/politicas-de-privacidad\/","title":{"rendered":"Pol\u00edticas de Privacidad"},"content":{"rendered":"<div data-elementor-type=\"wp-page\" data-elementor-id=\"3\" class=\"elementor elementor-3\" data-elementor-post-type=\"page\">\n\t\t\t\t<div class=\"elementor-element elementor-element-7fc8b13 e-flex e-con-boxed e-con e-parent\" data-id=\"7fc8b13\" data-element_type=\"container\" data-settings=\"{&quot;background_background&quot;:&quot;classic&quot;,&quot;shape_divider_bottom&quot;:&quot;tilt&quot;}\">\n\t\t\t\t\t<div class=\"e-con-inner\">\n\t\t\t\t<div class=\"elementor-shape elementor-shape-bottom\" aria-hidden=\"true\" data-negative=\"false\">\n\t\t\t<svg xmlns=\"http:\/\/www.w3.org\/2000\/svg\" viewbox=\"0 0 1000 100\" preserveaspectratio=\"none\">\n\t<path class=\"elementor-shape-fill\" d=\"M0,6V0h1000v100L0,6z\"\/>\n<\/svg>\t\t<\/div>\n\t\t\t\t\t<\/div>\n\t\t\t\t<\/div>\n\t\t<div class=\"elementor-element elementor-element-695835c e-flex e-con-boxed e-con e-parent\" data-id=\"695835c\" data-element_type=\"container\">\n\t\t\t\t\t<div class=\"e-con-inner\">\n\t\t\t\t<div class=\"elementor-element elementor-element-e6c8b10 elementor-widget elementor-widget-text-editor\" data-id=\"e6c8b10\" data-element_type=\"widget\" data-widget_type=\"text-editor.default\">\n\t\t\t\t<div class=\"elementor-widget-container\">\n\t\t\t\t\t\t\t\t\t<p class=\"translation-block\">\u00daltima actualizaci\u00f3n: 24 de noviembre, 2023.<\/p><p>Lea atentamente esta Pol\u00edtica de privacidad antes de utilizar el sitio web gestionado por Noah E. Marketing, una sociedad constituida en Malasia (\"nosotros\", \"nos\", \"nuestro\"), ya que contiene informaci\u00f3n importante sobre su privacidad y sobre c\u00f3mo podemos utilizar la informaci\u00f3n que recopilamos sobre usted.<\/p><p>La aceptaci\u00f3n y el cumplimiento de esta Pol\u00edtica de Privacidad son necesarios para acceder y utilizar el Sitio Web. La presente Pol\u00edtica de Privacidad se aplica a todas las personas que deseen acceder o utilizar el Sitio Web, incluidos, entre otros, los visitantes, los usuarios y otras personas.<\/p><p>Usted acepta regirse por esta Pol\u00edtica de Privacidad al acceder o utilizar el Sitio Web. Si no est\u00e1 de acuerdo con alguna parte de esta Pol\u00edtica de Privacidad, no est\u00e1 autorizado a acceder o utilizar el Sitio Web.<\/p><p>\u00bfQu\u00e9 informaci\u00f3n personal recopilamos?<\/p><p>Cuando compra o se registra en nuestro sitio o aplicaci\u00f3n, se pone en contacto con nosotros o nos llama por tel\u00e9fono, es posible que se le pida su nombre, direcci\u00f3n de correo electr\u00f3nico, informaci\u00f3n de pago u otros datos para ayudarle con su experiencia o para realizar una transacci\u00f3n con nosotros.<\/p><p>Recogemos y guardamos cualquier informaci\u00f3n que usted introduzca en este sitio web. Hemos recopilado y almacenado la siguiente informaci\u00f3n sobre las personas que han utilizado nuestro sitio web en los \u00faltimos 6 meses:<\/p><p><strong>Informaci\u00f3n identificativa:<\/strong><\/p><ul><li>Nombre\u00a0<\/li><li>Direcci\u00f3n postal \/ de env\u00edo<\/li><li>N\u00famero de tel\u00e9fono\u00a0\u00a0\u00a0\u00a0\u00a0\u00a0\u00a0\u00a0\u00a0\u00a0\u00a0<\/li><li>Direcci\u00f3n IP<\/li><li>Direcci\u00f3n de correo electr\u00f3nico<\/li><li>Identificador del dispositivo<\/li><\/ul><p>No estamos obligados por ley, orden judicial u orden de un tribunal a recopilar esta informaci\u00f3n. No mezclamos ni conectamos ninguno de los datos personales que tenemos archivados sobre usted.<\/p><p>\u00bfCon qui\u00e9n compartimos su informaci\u00f3n personal?<\/p><p>No compartimos ni revelamos sus datos personales con terceros.<\/p><p>C\u00f3mo protegemos su informaci\u00f3n personal<\/p><p>Para preservar y salvaguardar su informaci\u00f3n personal, hemos establecido las siguientes salvaguardias:<\/p><ul><li>Limitamos la cantidad de informaci\u00f3n personal que recopilamos a lo absolutamente esencial;<\/li><li>Cuando reciba o transfiera informaci\u00f3n personal fuera de las redes internas, utilice SSL u otra tecnolog\u00eda de conexi\u00f3n segura.<\/li><li>Destruir la informaci\u00f3n personal que ya no necesitemos;<\/li><li>Implantaci\u00f3n y supervisi\u00f3n de sistemas de detecci\u00f3n y prevenci\u00f3n de intrusiones;<\/li><li>Mantener actualizados el software y las protecciones<\/li><\/ul><p>Venta de informaci\u00f3n<\/p><p>No vendemos su informaci\u00f3n personal. Consulte la secci\u00f3n \"Sus derechos\" para obtener m\u00e1s informaci\u00f3n sobre el ejercicio de sus derechos de privacidad en relaci\u00f3n con la venta de su informaci\u00f3n personal.<\/p><p>Cookies<\/p><p>Una cookie es un peque\u00f1o fragmento de datos recibido de un sitio web y guardado en su dispositivo por su navegador. Este sitio web recopila cookies.<\/p><p>Privacidad infantil<\/p><p>Este Sitio Web est\u00e1 dise\u00f1ado para un p\u00fablico amplio y no presta servicios a ni\u00f1os. Si un menor de 18 a\u00f1os nos env\u00eda informaci\u00f3n personal, s\u00f3lo utilizaremos esa informaci\u00f3n para reaccionar ante ese menor y advertirle de que no est\u00e1 autorizado a utilizar este Sitio web. No vendemos informaci\u00f3n personal de menores de 16 a\u00f1os.<\/p><p>Programas de an\u00e1lisis<\/p><p>Este sitio web utiliza Google Analytics para recopilar informaci\u00f3n sobre usted y sus actividades. Visite el sitio web para inhabilitar Google Analytics.<\/p><p>Almacenamiento de datos<\/p><p>Guardamos su informaci\u00f3n personal durante 60 d\u00edas.<\/p><p>Marketing directo<\/p><p>Utilizamos la informaci\u00f3n que recopilamos sobre usted para comercializar directamente con usted. El acto de vender art\u00edculos o servicios directamente a los clientes en lugar de a trav\u00e9s de comerciantes se denomina marketing directo. Puede ponerse en contacto con nosotros por correo electr\u00f3nico en cualquier momento para solicitar que dejemos de utilizar su informaci\u00f3n con fines de marketing directo.<\/p><p>P\u00f3ngase en contacto con nosotros<\/p><p>Si tiene alg\u00fan problema con nuestra declaraci\u00f3n de privacidad, p\u00f3ngase en contacto con nosotros a trav\u00e9s de los datos que figuran a continuaci\u00f3n:<\/p><ul><li><strong>Direcci\u00f3n:<\/strong> 176 The Westside 3 No. 3 Jalan Resident Utama Desa Park City 52200 Kuala Lumpur W.P. Kuala Lumpur, Malaysia<\/li><li><strong>Correo electr\u00f3nico:<\/strong> contact@noahemarketing.com<\/li><li><strong>Tel\u00e9fono:<\/strong> 1-888-308-0425<\/li><\/ul>\t\t\t\t\t\t\t\t<\/div>\n\t\t\t\t<\/div>\n\t\t\t\t\t<\/div>\n\t\t\t\t<\/div>\n\t\t\t\t<\/div>","protected":false},"excerpt":{"rendered":"<p>Last updated: November 24th, 2023. Please carefully read this Privacy Policy before using the Website operated by Noah E. Marketing, a Corporation formed in Malaysia (&#8220;us,&#8221; &#8220;we,&#8221; &#8220;our&#8221;), as it contains important information about your privacy and how we may use the information we collect about you. Acceptance and compliance with this Privacy Policy is [&hellip;]<\/p>","protected":false},"author":4,"featured_media":0,"parent":0,"menu_order":0,"comment_status":"closed","ping_status":"closed","template":"","meta":{"footnotes":""},"class_list":["post-3","page","type-page","status-publish","hentry"],"_links":{"self":[{"href":"https:\/\/noahemarketing.com\/es\/wp-json\/wp\/v2\/pages\/3","targetHints":{"allow":["GET"]}}],"collection":[{"href":"https:\/\/noahemarketing.com\/es\/wp-json\/wp\/v2\/pages"}],"about":[{"href":"https:\/\/noahemarketing.com\/es\/wp-json\/wp\/v2\/types\/page"}],"author":[{"embeddable":true,"href":"https:\/\/noahemarketing.com\/es\/wp-json\/wp\/v2\/users\/4"}],"replies":[{"embeddable":true,"href":"https:\/\/noahemarketing.com\/es\/wp-json\/wp\/v2\/comments?post=3"}],"version-history":[{"count":17,"href":"https:\/\/noahemarketing.com\/es\/wp-json\/wp\/v2\/pages\/3\/revisions"}],"predecessor-version":[{"id":547,"href":"https:\/\/noahemarketing.com\/es\/wp-json\/wp\/v2\/pages\/3\/revisions\/547"}],"wp:attachment":[{"href":"https:\/\/noahemarketing.com\/es\/wp-json\/wp\/v2\/media?parent=3"}],"curies":[{"name":"wp","href":"https:\/\/api.w.org\/{rel}","templated":true}]}}